{"id":436,"date":"2025-01-24T08:55:17","date_gmt":"2025-01-24T08:55:17","guid":{"rendered":"https:\/\/javiwhitefilms.com\/servicios\/"},"modified":"2025-06-12T14:43:45","modified_gmt":"2025-06-12T14:43:45","slug":"servicios","status":"publish","type":"page","link":"https:\/\/javiwhitefilms.com\/en\/servicios\/","title":{"rendered":"Servicios"},"content":{"rendered":"<section class=\"header_curvy1_30_1 background-1-light\" id=\"\" data-block-id=\"69e171fdd665769e171fdd6658\" data-block-name=\"acf\/header-curvy1-30-1\" data-post-id=\"436\" data-stable-id=\"block_76924f5cdf07be5a95ed9c196a4550bd\">\r\n    <div class=\"container\">\r\n        <div class=\"row\">\r\n            <div class=\"col\">\r\n                                <div class=\"subtitulo tamano6-boldcta color-1-headings-dark\">Creaci\u00f3n de recuerdos memorables<\/div>\r\n                                <h1 class=\"tamano1 color-1-headings-dark\">Javi Films<\/h1>\r\n            <\/div>\r\n        <\/div>\r\n    <\/div>\r\n<\/section>\r\n<style>\r\n    .header_curvy1_30_1 .col .subtitulo {\r\n        text-align: center;\r\n        padding-bottom: 25px;\r\n    }\r\n\r\n    .header_curvy1_30_1 .col h1 {\r\n        text-align: center;\r\n    }\r\n\r\n    .header_curvy1_30_1 .col {\r\n        max-width: 1230px;\r\n        margin: 0 auto;\r\n    }\r\n\r\n    .header_curvy1_30_1 {\r\n        padding: 200px 0 55px 0;\r\n    }\r\n\r\n    @media (max-width:1200px) {\r\n        .header_curvy1_30_1 {\r\n            padding: 120px 0 35px 0;\r\n        }\r\n    }\r\n\r\n    @media (max-width:768px) {\r\n        .header_curvy1_30_1 h1 {\r\n            line-height: var(--tamano3-line-height);\r\n        }\r\n\r\n        .header_curvy1_30_1 {\r\n            padding: 100px 0 40px;\r\n        }\r\n    }\r\n<\/style>\r\n<section class=\"services_curvy1_22_1 background-1-light\" id=\"\" data-block-id=\"69e171fdd759169e171fdd7592\" data-block-name=\"acf\/services-curvy1-22-1\" data-post-id=\"436\" data-stable-id=\"block_e617e5a73657d5a3098ff790a280bf71\">\r\n    <div class=\"container\">\r\n        <div class=\"row\">\r\n            <div class=\"col col-top\">\r\n                                            <\/div>\r\n        <\/div>\r\n    <\/div>\r\n    <div class=\"container\">\r\n        <div class=\"row\">\r\n            <div class=\"col col-servicios\">\r\n                <div class=\"servicios\">\r\n                                                                                                    <a href=\"https:\/\/javiwhitefilms.com\/en\/servicios\/para-otros-profesionales\/\" class=\"servicio-item\">\r\n                                <div class=\"imagen\" style=\"background-image: url('https:\/\/javiwhitefilms.com\/wp-content\/uploads\/2025\/01\/Leonardo_Vision_XL_Disear_una_imagen_sobria_y_neutra_para_una_0.jpg');\"\r\n                                    aria-label=\"\"><\/div>\r\n                                <div class=\"mask\"><\/div>\r\n                                <div class=\"meta\">\r\n                                    <h3 class=\"tamano3 color-1-headings-dark\">Para otros profesionales<\/h3>\r\n                                                                        <div class=\"texto tamano7 color-1-body-dark\">\r\n                                        <p>Javi White Films se especializa en la producci\u00f3n de videos empresariales, capturando la magia de bodas, aftermovies de conciertos y videoclips, adem\u00e1s de explorar proyectos personales creativos.<\/p>\n                                    <\/div>\r\n                                                                    <\/div>\r\n                            <\/a>\r\n                                                                                <a href=\"https:\/\/javiwhitefilms.com\/en\/servicios\/gestion-de-redes-sociales\/\" class=\"servicio-item\">\r\n                                <div class=\"imagen\" style=\"background-image: url('https:\/\/javiwhitefilms.com\/wp-content\/uploads\/2025\/01\/Leonardo_Vision_XL_Imagen_de_un_estudio_moderno_y_minimalista_0.jpg');\"\r\n                                    aria-label=\"\"><\/div>\r\n                                <div class=\"mask\"><\/div>\r\n                                <div class=\"meta\">\r\n                                    <h3 class=\"tamano3 color-1-headings-dark\">Gesti\u00f3n de Redes Sociales<\/h3>\r\n                                                                        <div class=\"texto tamano7 color-1-body-dark\">\r\n                                        <p>Javi White Films se especializa en producir v\u00eddeos de alta calidad, abarcando desde eventos empresariales hasta bodas y conciertos. Su enfoque en la fotograf\u00eda y producci\u00f3n audiovisual garantiza resultados impactantes y profesionales, destacando en el competitivo sector del video corporativo y creativo.<\/p>\n                                    <\/div>\r\n                                                                    <\/div>\r\n                            <\/a>\r\n                                                                                <a href=\"https:\/\/javiwhitefilms.com\/en\/servicios\/corporativos-para-empresas\/\" class=\"servicio-item\">\r\n                                <div class=\"imagen\" style=\"background-image: url('https:\/\/javiwhitefilms.com\/wp-content\/uploads\/2025\/01\/Leonardo_Vision_XL_Una_imagen_sobria_y_neutra_para_una_web_de_0.jpg');\"\r\n                                    aria-label=\"\"><\/div>\r\n                                <div class=\"mask\"><\/div>\r\n                                <div class=\"meta\">\r\n                                    <h3 class=\"tamano3 color-1-headings-dark\">Corporativos \/ Para empresas<\/h3>\r\n                                                                        <div class=\"texto tamano7 color-1-body-dark\">\r\n                                        <p>Javi White Films es una empresa especializada en la realizaci\u00f3n de videos corporativos, bodas, aftermovies de conciertos y videoclips. Tambi\u00e9n desarrolla proyectos audiovisuales propios, ofreciendo un enfoque creativo y profesional. Su experiencia en el sector garantiza calidad y originalidad en cada producci\u00f3n.<\/p>\n                                    <\/div>\r\n                                                                    <\/div>\r\n                            <\/a>\r\n                                                                                <a href=\"https:\/\/javiwhitefilms.com\/en\/servicios\/dron\/\" class=\"servicio-item\">\r\n                                <div class=\"imagen\" style=\"background-image: url('https:\/\/javiwhitefilms.com\/wp-content\/uploads\/2025\/01\/Leonardo_Vision_XL_Un_estudio_de_diseo_moderno_y_minimalista_c_0.jpg');\"\r\n                                    aria-label=\"\"><\/div>\r\n                                <div class=\"mask\"><\/div>\r\n                                <div class=\"meta\">\r\n                                    <h3 class=\"tamano3 color-1-headings-dark\">Dron<\/h3>\r\n                                                                        <div class=\"texto tamano7 color-1-body-dark\">\r\n                                        <p>Javi White Films ofrece servicios profesionales de videograf\u00eda para empresas, eventos y proyectos personales. Especializados en v\u00eddeos corporativos, bodas, aftermovies y videoclips, garantizamos calidad y creatividad para capturar momentos \u00fanicos.<\/p>\n                                    <\/div>\r\n                                                                    <\/div>\r\n                            <\/a>\r\n                                                                                <a href=\"https:\/\/javiwhitefilms.com\/en\/servicios\/bodas\/\" class=\"servicio-item\">\r\n                                <div class=\"imagen\" style=\"background-image: url('https:\/\/javiwhitefilms.com\/wp-content\/uploads\/2025\/01\/Leonardo_Vision_XL_Una_imagen_que_muestre_una_cmara_de_vdeo_mo_0.jpg');\"\r\n                                    aria-label=\"\"><\/div>\r\n                                <div class=\"mask\"><\/div>\r\n                                <div class=\"meta\">\r\n                                    <h3 class=\"tamano3 color-1-headings-dark\">Bodas<\/h3>\r\n                                                                        <div class=\"texto tamano7 color-1-body-dark\">\r\n                                        <p>Javi White Films es un referente en producci\u00f3n audiovisual, especializado en v\u00eddeos corporativos, bodas, aftermovies y videoclips. Con un enfoque \u00fanico, combina creatividad y profesionalismo, ofreciendo soluciones visuales de alta calidad que capturan la esencia de cada momento y cumplen con las expectativas de sus clientes.<\/p>\n                                    <\/div>\r\n                                                                    <\/div>\r\n                            <\/a>\r\n                                                                                <a href=\"https:\/\/javiwhitefilms.com\/en\/servicios\/aftermovies-videoclips\/\" class=\"servicio-item\">\r\n                                <div class=\"imagen\" style=\"background-image: url('https:\/\/javiwhitefilms.com\/wp-content\/uploads\/2025\/01\/Leonardo_Vision_XL_Crear_una_imagen_que_capture_la_esencia_de_0.jpg');\"\r\n                                    aria-label=\"\"><\/div>\r\n                                <div class=\"mask\"><\/div>\r\n                                <div class=\"meta\">\r\n                                    <h3 class=\"tamano3 color-1-headings-dark\">Aftermovies &amp; Videoclips<\/h3>\r\n                                                                        <div class=\"texto tamano7 color-1-body-dark\">\r\n                                        <p>Javi White Films ofrece servicios profesionales de videograf\u00eda, incluyendo producci\u00f3n de videos corporativos, grabaci\u00f3n de bodas, creaci\u00f3n de aftermovies para conciertos y videoclips. Nos especializamos en capturar momentos \u00fanicos con un estilo audiovisual impecable, personalizando cada proyecto seg\u00fan las necesidades del cliente.<\/p>\n                                    <\/div>\r\n                                                                    <\/div>\r\n                            <\/a>\r\n                                                            <\/div>\r\n            <\/div>\r\n        <\/div>\r\n    <\/div>\r\n\r\n<\/section>\r\n<style>\r\n    .services_curvy1_22_1 .servicio-item .texto {\r\n        transition: all ease .3s;\r\n        text-align: center;\r\n    }\r\n\r\n    .services_curvy1_22_1 .servicio-item h3 {\r\n        padding-bottom: 25px;\r\n        transition: all ease .3s;\r\n        text-align: center;\r\n    }\r\n\r\n    .services_curvy1_22_1 .servicio-item:hover .texto,\r\n    .services_curvy1_22_1 .servicio-item.hover .texto {\r\n        color: var(--color-2-headings-light);\r\n    }\r\n\r\n    .services_curvy1_22_1 .servicio-item:hover h3,\r\n    .services_curvy1_22_1 .servicio-item.hover h3 {\r\n        color: var(--background-1-light);\r\n    }\r\n\r\n    .services_curvy1_22_1 .servicio-item:hover .mask,\r\n    .services_curvy1_22_1 .servicio-item:hover .imagen,\r\n    .services_curvy1_22_1 .servicio-item.hover .mask,\r\n    .services_curvy1_22_1 .servicio-item.hover .imagen {\r\n        opacity: 1;\r\n        visibility: visible;\r\n    }\r\n\r\n    .services_curvy1_22_1 .servicio-item .mask {\r\n        background: rgba(43, 43, 43, 0.50);\r\n        position: absolute;\r\n        top: 0;\r\n        left: 0;\r\n        width: 100%;\r\n        height: 100%;\r\n        opacity: 0;\r\n        visibility: hidden;\r\n        border-radius: 30px;\r\n        transition: all ease .3s;\r\n    }\r\n\r\n     .services_curvy1_22_1 .servicio-item .imagen {\r\n        position: absolute;\r\n        top: 0;\r\n        left: 0;\r\n        width: 100%;\r\n        height: 100%;\r\n        opacity: 0;\r\n        background-position: center;\r\n        background-repeat: no-repeat;\r\n        background-size: cover;\r\n        visibility: hidden;\r\n        transition: all ease .3s;\r\n        border-radius: 30px;\r\n    }\r\n\r\n     .services_curvy1_22_1 .servicio-item .meta {\r\n        position: relative;\r\n    }\r\n\r\n    .services_curvy1_22_1 .servicio-item:not(:last-child)::after {\r\n        bottom: -8px;\r\n        width: calc(100% - 30px);\r\n        height: 1px;\r\n        left: 50%;\r\n        transform: translateX(-50%);\r\n        position: absolute;\r\n        background-color: var(--color-3-body-dark);\r\n        opacity: 0.5;\r\n        content: \"\";\r\n    }\r\n\r\n    .services_curvy1_22_1 .servicio-item:hover:not(:last-child)::after {\r\n        display: none;\r\n    }\r\n\r\n    .services_curvy1_22_1 .servicio-item {\r\n        position: relative;\r\n        position: relative;\r\n        display: block;\r\n        text-decoration: none;\r\n        border-radius: 30px;\r\n        transition: all ease .3s;\r\n        padding: 80px 90px 80px 90px;\r\n        margin-bottom: 15px;\r\n    }\r\n\r\n    .services_curvy1_22_1 .col-top {\r\n        max-width: 1079px;\r\n        margin: 0 auto;\r\n        padding-bottom: 70px;\r\n    }\r\n\r\n    .services_curvy1_22_1 h2 {\r\n        text-align: center;\r\n        padding-bottom: 25px;\r\n    }\r\n\r\n\r\n     .services_curvy1_22_1 {\r\n        padding: 80px 150px;\r\n    }\r\n\r\n    @media (max-width:1550px) {\r\n        .services_curvy1_22_1 {\r\n            padding: 80px 50px;\r\n        }\r\n    }\r\n\r\n    @media (max-width:1350px) {\r\n        .services_curvy1_22_1 {\r\n            padding: 80px 0;\r\n        }\r\n    }\r\n\r\n    @media (max-width:992px) {\r\n        .services_curvy1_22_1 .servicio-item {\r\n            padding-top: 100px;\r\n        }\r\n\r\n        .services_curvy1_22_1 {\r\n            padding: 40px 0;\r\n        }\r\n\r\n        .services_curvy1_22_1 .servicio-item h3 {\r\n            padding-bottom: 15px;\r\n        }\r\n\r\n        .services_curvy1_22_1 .col-top {\r\n            padding-bottom: 40px;\r\n        }\r\n\r\n    }\r\n\r\n    @media (max-width:768px) {\r\n        .services_curvy1_22_1 .servicio-item {\r\n            padding: 42px 30px;\r\n        }\r\n\r\n        .services_curvy1_22_1 .servicio-item h3 {\r\n            line-height: var(--tamano4-line-height);\r\n            font-size: var(--tamano5-font-size);\r\n        }\r\n    }\r\n<\/style>\r\n<section class=\"cta_curvy1_3_1_2 background-1-light\" id=\"\" data-block-id=\"69e171fddc12669e171fddc127\" data-block-name=\"acf\/cta-curvy1-3-1-2\" data-post-id=\"436\" data-stable-id=\"block_ef6c98d5d4ff8b92c7b896a60d1513d1\">\r\n    <div class=\"container\">\r\n        <div class=\"row\">\r\n            <div class=\"col\">\r\n                <div class=\"inner background-1-dark\">\r\n                                        <div class=\"titulo\">\r\n                        <h2 class=\"tamano3 color-2-headings-light\">No te pierdas mi filmograf\u00eda<\/h2>\r\n                    <\/div>\r\n                                                                                    <div class=\"ctas\">\r\n                                                            <a href=\"https:\/\/javiwhitefilms.com\/?contenido-global=portfolio\" target=\"\" class=\"btn-round tamano-7-mediumcta color-boton-3-texto-normal color-boton-3-texto-hover color-boton-3-normal color-boton-3-hover\">\r\n    \r\n    <span>Descubrir<\/span>\r\n<\/a>\r\n\r\n<style>\r\n    .btn-border-rounded {\r\n        border-radius: 12px !important;\r\n    }\r\n\r\n    .btn-border-square {\r\n        border-radius: 0 !important;\r\n    }\r\n\r\n    \/* Estilos de hover *\/\r\n    .btn-hover-hover1:hover {\r\n        filter: contrast(0.55);\r\n    }\r\n\r\n    .btn-hover-hover2:hover {\r\n        filter: sepia(2);\r\n    }\r\n\r\n    \/* Estilos del icono cuando existe *\/\r\n    a i {\r\n        margin-right: 8px;\r\n        font-size: 16px;\r\n    }\r\n\r\n    \/* Icono Lucide *\/\r\n    .btn-icon--lucide {\r\n        display: inline-flex;\r\n        align-items: center;\r\n        justify-content: center;\r\n        margin-right: 8px;\r\n    }\r\n\r\n    .btn-icon--lucide svg {\r\n        width: 16px;\r\n        height: 16px;\r\n        display: block;\r\n    }\r\n<\/style>\r\n                                                    <\/div>\r\n                                    <\/div>\r\n            <\/div>\r\n        <\/div>\r\n    <\/div>\r\n<\/section>\r\n<style>\r\n    .cta_curvy1_3_1_2 .inner {\r\n        display: flex;\r\n        gap: 30px;\r\n        border-radius: 30px;\r\n        align-items: center;\r\n        padding: 55px 150px;\r\n        justify-content: space-between;\r\n    }\r\n\r\n     .cta_curvy1_3_1_2 .titulo {\r\n        max-width: 430px;\r\n        width: 100%;\r\n    }\r\n\r\n    .cta_curvy1_3_1_2 .texto {\r\n        max-width: 660px;\r\n        text-align: left;\r\n        width: 100%;\r\n    }\r\n\r\n    .cta_curvy1_3_1_2 {\r\n        padding: 80px 0;\r\n        position: relative;\r\n    }\r\n\r\n    .cta_curvy1_3_1_2 .btn-round {\r\n        border-radius: 60px;\r\n        padding: 15px 30px;\r\n        display: inline-block;\r\n        text-align: center;\r\n        transition: all ease .3s;\r\n        text-decoration: none;\r\n        min-width: 278px;\r\n        display: flex;\r\n        align-items: center;\r\n        justify-content: center;\r\n    }\r\n\r\n    @media (max-width:1750px) {\r\n        .cta_curvy1_3_1_2 .texto {\r\n            max-width: 500px;\r\n        }\r\n    }\r\n\r\n    @media (max-width:1600px) {\r\n        .cta_curvy1_3_1_2 .inner {\r\n            padding-left: 50px;\r\n            padding-right: 50px;\r\n        }\r\n    }\r\n\r\n    @media (max-width:1400px) {\r\n        .cta_curvy1_3_1_2 .texto {\r\n            max-width: 100%;\r\n        }\r\n\r\n        .cta_curvy1_3_1_2 .titulo {\r\n            width: 100%;\r\n        }\r\n    }\r\n\r\n    @media (max-width:1200px) {\r\n        .cta_curvy1_3_1_2 .inner {\r\n            padding-left: 15px;\r\n            padding-right: 15px;\r\n        }\r\n    }\r\n\r\n    @media (max-width:992px) {\r\n        .cta_curvy1_3_1_2 .col .inner {\r\n            border-radius: 30px;\r\n            flex-direction: column;\r\n            align-items: center;\r\n            justify-content: center;\r\n        }\r\n\r\n         .cta_curvy1_3_1_2 .col .inner>* {\r\n            width: 100%;\r\n            max-width: 100%;\r\n            text-align: left;\r\n        }\r\n\r\n        .cta_curvy1_3_1_2 .inner {\r\n            padding: 33px 23px;\r\n        }\r\n\r\n        .cta_curvy1_3_1_2 .col .ctas {\r\n            display: flex;\r\n            align-items: center;\r\n            justify-content: start;\r\n        }\r\n\r\n        .cta_curvy1_3_1_2 .col {\r\n            flex-direction: column;\r\n            justify-content: center;\r\n            align-items: center;\r\n        }\r\n\r\n        .cta_curvy1_3_1_2 {\r\n            padding: 40px 0;\r\n        }\r\n\r\n        .cta_curvy1_3_1_2 .btn-round {\r\n            min-width: 240px\r\n        }\r\n\r\n        .cta_curvy1_3_1_2 .titulo h2 {\r\n            line-height: var(--tamano5-line-height);\r\n        }\r\n    }\r\n<\/style>\r\n","protected":false},"excerpt":{"rendered":"","protected":false},"author":1,"featured_media":0,"parent":0,"menu_order":0,"comment_status":"open","ping_status":"closed","template":"","meta":{"_acf_changed":false,"iawp_total_views":1,"footnotes":""},"class_list":["post-436","page","type-page","status-publish","hentry"],"acf":[],"yoast_head":"<!-- This site is optimized with the Yoast SEO plugin v27.4 - https:\/\/yoast.com\/product\/yoast-seo-wordpress\/ -->\n<title>Javi White Films: Videos Profesionales y Creativos<\/title>\n<meta name=\"description\" content=\"Descubre c\u00f3mo Javi White Films transforma tus ideas en videos impactantes que capturan momentos \u00fanicos y cuentan historias visuales memorables.\" \/>\n<meta name=\"robots\" content=\"index, follow, max-snippet:-1, max-image-preview:large, max-video-preview:-1\" \/>\n<link rel=\"canonical\" href=\"https:\/\/javiwhitefilms.com\/en\/servicios\/\" \/>\n<meta property=\"og:locale\" content=\"en_US\" \/>\n<meta property=\"og:type\" content=\"article\" \/>\n<meta property=\"og:title\" content=\"Javi White Films: Videos Profesionales y Creativos\" \/>\n<meta property=\"og:description\" content=\"Descubre c\u00f3mo Javi White Films transforma tus ideas en videos impactantes que capturan momentos \u00fanicos y cuentan historias visuales memorables.\" \/>\n<meta property=\"og:url\" content=\"https:\/\/javiwhitefilms.com\/en\/servicios\/\" \/>\n<meta property=\"og:site_name\" content=\"Javi White Films\" \/>\n<meta property=\"article:modified_time\" content=\"2025-06-12T14:43:45+00:00\" \/>\n<meta name=\"twitter:card\" content=\"summary_large_image\" \/>\n<!-- \/ Yoast SEO plugin. -->","yoast_head_json":{"title":"Javi White Films: Videos Profesionales y Creativos","description":"Descubre c\u00f3mo Javi White Films transforma tus ideas en videos impactantes que capturan momentos \u00fanicos y cuentan historias visuales memorables.","robots":{"index":"index","follow":"follow","max-snippet":"max-snippet:-1","max-image-preview":"max-image-preview:large","max-video-preview":"max-video-preview:-1"},"canonical":"https:\/\/javiwhitefilms.com\/en\/servicios\/","og_locale":"en_US","og_type":"article","og_title":"Javi White Films: Videos Profesionales y Creativos","og_description":"Descubre c\u00f3mo Javi White Films transforma tus ideas en videos impactantes que capturan momentos \u00fanicos y cuentan historias visuales memorables.","og_url":"https:\/\/javiwhitefilms.com\/en\/servicios\/","og_site_name":"Javi White Films","article_modified_time":"2025-06-12T14:43:45+00:00","twitter_card":"summary_large_image","schema":{"@context":"https:\/\/schema.org","@graph":[{"@type":"WebPage","@id":"https:\/\/javiwhitefilms.com\/en\/servicios\/","url":"https:\/\/javiwhitefilms.com\/en\/servicios\/","name":"Javi White Films: Videos Profesionales y Creativos","isPartOf":{"@id":"https:\/\/javiwhitefilms.com\/en\/#website"},"datePublished":"2025-01-24T08:55:17+00:00","dateModified":"2025-06-12T14:43:45+00:00","description":"Descubre c\u00f3mo Javi White Films transforma tus ideas en videos impactantes que capturan momentos \u00fanicos y cuentan historias visuales memorables.","breadcrumb":{"@id":"https:\/\/javiwhitefilms.com\/en\/servicios\/#breadcrumb"},"inLanguage":"en-US","potentialAction":[{"@type":"ReadAction","target":["https:\/\/javiwhitefilms.com\/en\/servicios\/"]}]},{"@type":"BreadcrumbList","@id":"https:\/\/javiwhitefilms.com\/en\/servicios\/#breadcrumb","itemListElement":[{"@type":"ListItem","position":1,"name":"Portada","item":"https:\/\/javiwhitefilms.com\/en\/"},{"@type":"ListItem","position":2,"name":"Servicios"}]},{"@type":"WebSite","@id":"https:\/\/javiwhitefilms.com\/en\/#website","url":"https:\/\/javiwhitefilms.com\/en\/","name":"Javi White Films","description":"","publisher":{"@id":"https:\/\/javiwhitefilms.com\/en\/#organization"},"potentialAction":[{"@type":"SearchAction","target":{"@type":"EntryPoint","urlTemplate":"https:\/\/javiwhitefilms.com\/en\/?s={search_term_string}"},"query-input":{"@type":"PropertyValueSpecification","valueRequired":true,"valueName":"search_term_string"}}],"inLanguage":"en-US"},{"@type":"Organization","@id":"https:\/\/javiwhitefilms.com\/en\/#organization","name":"Javi White Films","url":"https:\/\/javiwhitefilms.com\/en\/","logo":{"@type":"ImageObject","inLanguage":"en-US","@id":"https:\/\/javiwhitefilms.com\/en\/#\/schema\/logo\/image\/","url":"https:\/\/javiwhitefilms.com\/wp-content\/uploads\/2025\/01\/679211057cbd9_Javi-White-Films.png","contentUrl":"https:\/\/javiwhitefilms.com\/wp-content\/uploads\/2025\/01\/679211057cbd9_Javi-White-Films.png","width":448,"height":460,"caption":"Javi White Films"},"image":{"@id":"https:\/\/javiwhitefilms.com\/en\/#\/schema\/logo\/image\/"}}]}},"_links":{"self":[{"href":"https:\/\/javiwhitefilms.com\/en\/wp-json\/wp\/v2\/pages\/436","targetHints":{"allow":["GET"]}}],"collection":[{"href":"https:\/\/javiwhitefilms.com\/en\/wp-json\/wp\/v2\/pages"}],"about":[{"href":"https:\/\/javiwhitefilms.com\/en\/wp-json\/wp\/v2\/types\/page"}],"author":[{"embeddable":true,"href":"https:\/\/javiwhitefilms.com\/en\/wp-json\/wp\/v2\/users\/1"}],"replies":[{"embeddable":true,"href":"https:\/\/javiwhitefilms.com\/en\/wp-json\/wp\/v2\/comments?post=436"}],"version-history":[{"count":7,"href":"https:\/\/javiwhitefilms.com\/en\/wp-json\/wp\/v2\/pages\/436\/revisions"}],"predecessor-version":[{"id":1246,"href":"https:\/\/javiwhitefilms.com\/en\/wp-json\/wp\/v2\/pages\/436\/revisions\/1246"}],"wp:attachment":[{"href":"https:\/\/javiwhitefilms.com\/en\/wp-json\/wp\/v2\/media?parent=436"}],"curies":[{"name":"wp","href":"https:\/\/api.w.org\/{rel}","templated":true}]}}